{"id":53,"date":"2020-02-17T15:15:30","date_gmt":"2020-02-17T14:15:30","guid":{"rendered":"https:\/\/www.bienenzuchtverein.com\/home\/?page_id=53"},"modified":"2026-01-20T17:51:54","modified_gmt":"2026-01-20T16:51:54","slug":"https-www-bienenzuchtverein-com-home-veranstaltungen","status":"publish","type":"page","link":"https:\/\/www.bienenzuchtverein.com\/home\/https-www-bienenzuchtverein-com-home-veranstaltungen\/","title":{"rendered":"Veranstaltungen"},"content":{"rendered":"\n<h1 class=\"wp-block-heading has-text-color\" style=\"color:#f2c619\">Willkommen bei unseren Veranstaltungen 2025!<\/h1>\n\n\n\n<p>Wir treffen uns 1 x monatlich jeweils am 1. Sonntag im Monat.<\/p>\n\n\n\n<h3 class=\"wp-block-heading has-black-color has-text-color\"><strong><em>Wenn nicht anders angegeben Beginn 09:00 h! \u00c4nderungen vorbehalten!<\/em><\/strong><\/h3>\n\n\n\n<h2 class=\"wp-block-heading has-black-color has-text-color\">Hier die f\u00fcr 2026 geplanten Veranstaltungen:<\/h2>\n\n\n\n<div class=\"wp-block-columns is-layout-flex wp-container-core-columns-is-layout-9d6595d7 wp-block-columns-is-layout-flex\">\n<div class=\"wp-block-column is-layout-flow wp-block-column-is-layout-flow\" style=\"flex-basis:100%\">\n<table class=MsoNormalTable border=1 cellspacing=0 cellpadding=0 width=590\n style='width:442.5pt;border-collapse:collapse;border:none;mso-border-alt:solid #E7E7E7 .75pt;\n mso-yfti-tbllook:1184'>\n <tr style='mso-yfti-irow:0;mso-yfti-firstrow:yes'>\n  <td style='border:none;border-top:solid #E7E7E7 1.0pt;mso-border-top-alt:\n  solid #E7E7E7 .75pt;padding:4.5pt 18.0pt 4.5pt 18.0pt'>\n  <p class=MsoNormal>J\u00e4nner<o:p><\/o:p><\/p>\n  <\/td>\n  <td style='border:none;border-top:solid #E7E7E7 1.0pt;mso-border-top-alt:\n  solid #E7E7E7 .75pt;padding:4.5pt 18.0pt 4.5pt 18.0pt'>\n  <p class=MsoNormal>04.01.2026<\/p>\n  <\/td>\n  <td style='border:none;border-top:solid #E7E7E7 1.0pt;mso-border-top-alt:\n  solid #E7E7E7 .75pt;padding:4.5pt 18.0pt 4.5pt 18.0pt'>\n  <p class=MsoNormal>Vorschau auf das Bienenjahr, Einzahlung der\n  Mitgliedsbeitr\u00e4ge, Neuigkeiten vom Verband<o:p><\/o:p><\/p>\n  <\/td>\n <\/tr>\n <tr style='mso-yfti-irow:1'>\n  <td style='border:none;border-top:solid #E7E7E7 1.0pt;mso-border-top-alt:\n  solid #E7E7E7 .75pt;padding:4.5pt 18.0pt 4.5pt 18.0pt'>\n  <p class=MsoNormal>Februar<o:p><\/o:p><\/p>\n  <\/td>\n  <td style='border:none;border-top:solid #E7E7E7 1.0pt;mso-border-top-alt:\n  solid #E7E7E7 .75pt;padding:4.5pt 18.0pt 4.5pt 18.0pt'>\n  <p class=MsoNormal>01.02.2026<o:p><\/o:p><\/p>\n  <\/td>\n  <td style='border:none;border-top:solid #E7E7E7 1.0pt;mso-border-top-alt:\n  solid #E7E7E7 .75pt;padding:4.5pt 18.0pt 4.5pt 18.0pt'>\n  <p class=MsoNormal>Bericht \u00fcber das Vergangene Vereinsjahr, Kassenbericht und\n  Entlastung des Kassiers. Einzahlung Mitgliedsbeitr\u00e4ge, Zuteilung von Paten,<br>\n  Auswintern, Start ins Bienenjahr<o:p><\/o:p><\/p>\n  <\/td>\n <\/tr>\n <tr style='mso-yfti-irow:2'>\n  <td style='border:none;border-top:solid #E7E7E7 1.0pt;mso-border-top-alt:\n  solid #E7E7E7 .75pt;padding:4.5pt 18.0pt 4.5pt 18.0pt'>\n  <p class=MsoNormal>M\u00e4rz<o:p><\/o:p><\/p>\n  <\/td>\n  <td style='border:none;border-top:solid #E7E7E7 1.0pt;mso-border-top-alt:\n  solid #E7E7E7 .75pt;padding:4.5pt 18.0pt 4.5pt 18.0pt'>\n  <p class=MsoNormal>01.03.2026<o:p><\/o:p><\/p>\n  <\/td>\n  <td style='border:none;border-top:solid #E7E7E7 1.0pt;mso-border-top-alt:\n  solid #E7E7E7 .75pt;padding:4.5pt 18.0pt 4.5pt 18.0pt'>\n  <p class=MsoNormal>Aktuelle T\u00e4tigkeiten am Bienenstock, Ausgabe der\n  Faulbrutprobenbecher, Infos \u00fcber Schwarmverhinderung und Schwarmfang<br>\n  Ort: Vereinsbienenstand<o:p><\/o:p><\/p>\n  <\/td>\n <\/tr>\n <tr style='mso-yfti-irow:3'>\n  <td style='border:none;border-top:solid #E7E7E7 1.0pt;mso-border-top-alt:\n  solid #E7E7E7 .75pt;padding:4.5pt 18.0pt 4.5pt 18.0pt'>\n  <p class=MsoNormal>April<o:p><\/o:p><\/p>\n  <\/td>\n  <td style='border:none;border-top:solid #E7E7E7 1.0pt;mso-border-top-alt:\n  solid #E7E7E7 .75pt;padding:4.5pt 18.0pt 4.5pt 18.0pt'>\n  <p class=MsoNormal>12.04.2026<o:p><\/o:p><\/p>\n  <\/td>\n  <td style='border:none;border-top:solid #E7E7E7 1.0pt;mso-border-top-alt:\n  solid #E7E7E7 .75pt;padding:4.5pt 18.0pt 4.5pt 18.0pt'>\n  <p class=MsoNormal>Aktuelle Ma\u00dfnahmen im April, erste Durchsicht der\n  Vereinsv\u00f6lker, Beurteilung der Volksst\u00e4rke und Vitalit\u00e4t, Was k\u00f6nnen wir bei\n  der Durchsicht erkennen?<o:p><\/o:p><\/p>\n  <\/td>\n <\/tr>\n <tr style='mso-yfti-irow:4'>\n  <td style='border:none;border-top:solid #E7E7E7 1.0pt;mso-border-top-alt:\n  solid #E7E7E7 .75pt;padding:4.5pt 18.0pt 4.5pt 18.0pt'>\n  <p class=MsoNormal>Mai<o:p><\/o:p><\/p>\n  <\/td>\n  <td style='border:none;border-top:solid #E7E7E7 1.0pt;mso-border-top-alt:\n  solid #E7E7E7 .75pt;padding:4.5pt 18.0pt 4.5pt 18.0pt'>\n  <p class=MsoNormal>03.05.2026<o:p><\/o:p><\/p>\n  <\/td>\n  <td style='border:none;border-top:solid #E7E7E7 1.0pt;mso-border-top-alt:\n  solid #E7E7E7 .75pt;padding:4.5pt 18.0pt 4.5pt 18.0pt'>\n  <p class=MsoNormal>Ma\u00dfnahmen im Mai, Schwarmverhinderung und Vermehrung,\n  VIS-Meldung<br>\n  Ort: Treffpunkt Vereinsbienenstand<o:p><\/o:p><\/p>\n  <\/td>\n <\/tr>\n <tr style='mso-yfti-irow:5'>\n  <td style='border:none;border-top:solid #E7E7E7 1.0pt;mso-border-top-alt:\n  solid #E7E7E7 .75pt;padding:4.5pt 18.0pt 4.5pt 18.0pt'>\n  <p class=MsoNormal>Juni<o:p><\/o:p><\/p>\n  <\/td>\n  <td style='border:none;border-top:solid #E7E7E7 1.0pt;mso-border-top-alt:\n  solid #E7E7E7 .75pt;padding:4.5pt 18.0pt 4.5pt 18.0pt'>\n  <p class=MsoNormal>07.06.2026<o:p><\/o:p><\/p>\n  <\/td>\n  <td style='border:none;border-top:solid #E7E7E7 1.0pt;mso-border-top-alt:\n  solid #E7E7E7 .75pt;padding:4.5pt 18.0pt 4.5pt 18.0pt'>\n  <p class=MsoNormal>Ma\u00dfnahmen im Juni, Durchsicht der Vereinsbienenst\u00f6cke,\n  Workshop <span class=SpellE>R\u00e4hmchenreparatur<\/span><br>\n  Ort: Vereinsbienenstand<o:p><\/o:p><\/p>\n  <\/td>\n <\/tr>\n <tr style='mso-yfti-irow:6'>\n  <td style='border:none;border-top:solid #E7E7E7 1.0pt;mso-border-top-alt:\n  solid #E7E7E7 .75pt;padding:4.5pt 18.0pt 4.5pt 18.0pt'>\n  <p class=MsoNormal>Juli<o:p><\/o:p><\/p>\n  <\/td>\n  <td style='border:none;border-top:solid #E7E7E7 1.0pt;mso-border-top-alt:\n  solid #E7E7E7 .75pt;padding:4.5pt 18.0pt 4.5pt 18.0pt'>\n  <p class=MsoNormal>07.07.2026<o:p><\/o:p><\/p>\n  <\/td>\n  <td style='border:none;border-top:solid #E7E7E7 1.0pt;mso-border-top-alt:\n  solid #E7E7E7 .75pt;padding:4.5pt 18.0pt 4.5pt 18.0pt'>\n  <p class=MsoNormal>Ernten, schleudern, einf\u00fcttern und behandeln.<br>\n  Ort: Vereinsbienenstand<o:p><\/o:p><\/p>\n  <\/td>\n <\/tr>\n <tr style='mso-yfti-irow:7'>\n  <td style='border:none;border-top:solid #E7E7E7 1.0pt;mso-border-top-alt:\n  solid #E7E7E7 .75pt;padding:4.5pt 18.0pt 4.5pt 18.0pt'>\n  <p class=MsoNormal>August<o:p><\/o:p><\/p>\n  <\/td>\n  <td style='border:none;border-top:solid #E7E7E7 1.0pt;mso-border-top-alt:\n  solid #E7E7E7 .75pt;padding:4.5pt 18.0pt 4.5pt 18.0pt'>\n  <p class=MsoNormal>Pause<o:p><\/o:p><\/p>\n  <\/td>\n  <td style='border:none;border-top:solid #E7E7E7 1.0pt;mso-border-top-alt:\n  solid #E7E7E7 .75pt;padding:4.5pt 18.0pt 4.5pt 18.0pt'>\n  <p class=MsoNormal>&nbsp;<o:p><\/o:p><\/p>\n  <\/td>\n <\/tr>\n <tr style='mso-yfti-irow:8'>\n  <td style='border:none;border-top:solid #E7E7E7 1.0pt;mso-border-top-alt:\n  solid #E7E7E7 .75pt;padding:4.5pt 18.0pt 4.5pt 18.0pt'>\n  <p class=MsoNormal>September<o:p><\/o:p><\/p>\n  <\/td>\n  <td style='border:none;border-top:solid #E7E7E7 1.0pt;mso-border-top-alt:\n  solid #E7E7E7 .75pt;padding:4.5pt 18.0pt 4.5pt 18.0pt'>\n  <p class=MsoNormal>06.09.2026<o:p><\/o:p><\/p>\n  <\/td>\n  <td style='border:none;border-top:solid #E7E7E7 1.0pt;mso-border-top-alt:\n  solid #E7E7E7 .75pt;padding:4.5pt 18.0pt 4.5pt 18.0pt'>\n  <p class=MsoNormal>Herbstbehandlung, nachf\u00fcttern, Einwintern, aktuelle Themen<br>\n  <span class=SpellE><span class=GramE>Ort:Vereinsbienenstand<\/span><\/span><o:p><\/o:p><\/p>\n  <\/td>\n <\/tr>\n <tr style='mso-yfti-irow:9'>\n  <td style='border:none;border-top:solid #E7E7E7 1.0pt;mso-border-top-alt:\n  solid #E7E7E7 .75pt;padding:4.5pt 18.0pt 4.5pt 18.0pt'>\n  <p class=MsoNormal>Oktober<o:p><\/o:p><\/p>\n  <\/td>\n  <td style='border:none;border-top:solid #E7E7E7 1.0pt;mso-border-top-alt:\n  solid #E7E7E7 .75pt;padding:4.5pt 18.0pt 4.5pt 18.0pt'>\n  <p class=MsoNormal>04.10.2026<o:p><\/o:p><\/p>\n  <\/td>\n  <td style='border:none;border-top:solid #E7E7E7 1.0pt;mso-border-top-alt:\n  solid #E7E7E7 .75pt;padding:4.5pt 18.0pt 4.5pt 18.0pt'>\n  <p class=MsoNormal><span class=SpellE>Oxals urebehandlung<\/span> am\n  Lehrbienenstand, Stockhygiene, Wachsrecycling, Reinigen,<br>\n  <span class=SpellE><span class=GramE>Ort:Vereinsbienenstand<\/span><\/span><o:p><\/o:p><\/p>\n  <\/td>\n <\/tr>\n <tr style='mso-yfti-irow:10'>\n  <td style='border:none;border-top:solid #E7E7E7 1.0pt;mso-border-top-alt:\n  solid #E7E7E7 .75pt;padding:4.5pt 18.0pt 4.5pt 18.0pt'>\n  <p class=MsoNormal>November<o:p><\/o:p><\/p>\n  <\/td>\n  <td style='border:none;border-top:solid #E7E7E7 1.0pt;mso-border-top-alt:\n  solid #E7E7E7 .75pt;padding:4.5pt 18.0pt 4.5pt 18.0pt'>\n  <p class=MsoNormal>Sa 21.11.2026<o:p><\/o:p><\/p>\n  <\/td>\n  <td style='border:none;border-top:solid #E7E7E7 1.0pt;mso-border-top-alt:\n  solid #E7E7E7 .75pt;padding:4.5pt 18.0pt 4.5pt 18.0pt'>\n  <p class=MsoNormal>Adventfeier des Bienenzuchtvereins am Vereinsbienenstand\n  bez. im Vereinsheim im Wolfsgraben in Grambach<o:p><\/o:p><\/p>\n  <\/td>\n <\/tr>\n <tr style='mso-yfti-irow:11;mso-yfti-lastrow:yes'>\n  <td style='border:none;border-top:solid #E7E7E7 1.0pt;mso-border-top-alt:\n  solid #E7E7E7 .75pt;padding:4.5pt 18.0pt 4.5pt 18.0pt'>\n  <p class=MsoNormal>Dezember<o:p><\/o:p><\/p>\n  <\/td>\n  <td style='border:none;border-top:solid #E7E7E7 1.0pt;mso-border-top-alt:\n  solid #E7E7E7 .75pt;padding:4.5pt 18.0pt 4.5pt 18.0pt'><\/td>\n  <td style='border:none;border-top:solid #E7E7E7 1.0pt;mso-border-top-alt:\n  solid #E7E7E7 .75pt;padding:4.5pt 18.0pt 4.5pt 18.0pt'>\n  <p class=MsoNormal>Vorstandssitzung<o:p><\/o:p><\/p>\n  <\/td>\n <\/tr>\n<\/table>\n<\/div>\n<\/div>\n","protected":false},"excerpt":{"rendered":"<p>Willkommen bei unseren Veranstaltungen 2025! Wir treffen uns 1 x monatlich jeweils am 1. Sonntag im Monat. Wenn nicht anders angegeben Beginn 09:00 h! \u00c4nderungen vorbehalten! Hier die f\u00fcr 2026 geplanten Veranstaltungen: J\u00e4nner 04.01.2026 Vorschau auf das Bienenjahr, Einzahlung der &hellip; <a href=\"https:\/\/www.bienenzuchtverein.com\/home\/https-www-bienenzuchtverein-com-home-veranstaltungen\/\">Weiterlesen <span class=\"meta-nav\">&rarr;<\/span><\/a><\/p>\n","protected":false},"author":1,"featured_media":0,"parent":0,"menu_order":0,"comment_status":"closed","ping_status":"closed","template":"","meta":{"footnotes":""},"class_list":["post-53","page","type-page","status-publish","hentry"],"_links":{"self":[{"href":"https:\/\/www.bienenzuchtverein.com\/home\/wp-json\/wp\/v2\/pages\/53","targetHints":{"allow":["GET"]}}],"collection":[{"href":"https:\/\/www.bienenzuchtverein.com\/home\/wp-json\/wp\/v2\/pages"}],"about":[{"href":"https:\/\/www.bienenzuchtverein.com\/home\/wp-json\/wp\/v2\/types\/page"}],"author":[{"embeddable":true,"href":"https:\/\/www.bienenzuchtverein.com\/home\/wp-json\/wp\/v2\/users\/1"}],"replies":[{"embeddable":true,"href":"https:\/\/www.bienenzuchtverein.com\/home\/wp-json\/wp\/v2\/comments?post=53"}],"version-history":[{"count":38,"href":"https:\/\/www.bienenzuchtverein.com\/home\/wp-json\/wp\/v2\/pages\/53\/revisions"}],"predecessor-version":[{"id":618,"href":"https:\/\/www.bienenzuchtverein.com\/home\/wp-json\/wp\/v2\/pages\/53\/revisions\/618"}],"wp:attachment":[{"href":"https:\/\/www.bienenzuchtverein.com\/home\/wp-json\/wp\/v2\/media?parent=53"}],"curies":[{"name":"wp","href":"https:\/\/api.w.org\/{rel}","templated":true}]}}