{"id":7,"date":"2020-02-14T14:52:13","date_gmt":"2020-02-14T13:52:13","guid":{"rendered":"http:\/\/www.bienenzuchtverein.com\/home\/?page_id=7"},"modified":"2021-03-02T12:20:00","modified_gmt":"2021-03-02T11:20:00","slug":"unsere-leistungen","status":"publish","type":"page","link":"https:\/\/www.bienenzuchtverein.com\/home\/unsere-leistungen\/","title":{"rendered":"Unsere Leistungen"},"content":{"rendered":"\n<p>Wir bieten eine Bandbreite von Dienstleistungen, die erkennbare Resultate garantieren und eine positive Auswirkung auf Ihren Garten bzw. Ihre Lebensqualit\u00e4t haben werden.<\/p>\n\n\n\n<p><\/p>\n\n\n\n<p class=\"has-text-color\" style=\"color:#f2c619\"><strong>Welche Leistungen bietet der Bienenzuchtverein Graz \u2013 St. Peter&nbsp; seinen Mitgliedern?  <\/strong><\/p>\n\n\n\n<p><\/p>\n\n\n<p>\u00b7&nbsp;&nbsp;&nbsp;&nbsp;&nbsp; F\u00f6rderung des Ankaufes von Reinzuchtk\u00f6niginnen<\/p>\n<p>\u00b7&nbsp;&nbsp;&nbsp;&nbsp;&nbsp; F\u00f6rderung der Honiguntersuchung (Zertifikat)<\/p>\n<p>\u00b7&nbsp;&nbsp;&nbsp;&nbsp;&nbsp; F\u00f6rderung der Futterkranzprobenuntersuchung<\/p>\n\n\n<p class=\"has-text-color\" style=\"color:#f2c619\"><strong>weiters<\/strong><\/p>\n\n\n\n<p><\/p>\n\n\n<p>\u00b7&nbsp;&nbsp;&nbsp;&nbsp;&nbsp; Bereitstellung des Melitherm-Auftau-und Abf\u00fcllger\u00e4tes <br>&nbsp; &nbsp; &nbsp;&nbsp; sowie 2er Dampfwachsschmelzer<\/p>\n<p>\u00b7&nbsp;&nbsp;&nbsp;&nbsp;&nbsp; Beg\u00fcnstigter Etikettenverkauf f\u00fcr Honiggl\u00e4ser<\/p>\n<p>\u00b7 &nbsp; &nbsp;&nbsp; G\u00fcnstige Einkaufsm\u00f6glichkeit der Honiggl\u00e4ser durch<br>&nbsp; &nbsp; &nbsp; &nbsp; eine Gesamtbestellung, Herr Holzmeister<\/p>\n<p>\u00b7&nbsp;&nbsp;&nbsp;&nbsp;&nbsp; G\u00fcnstige Einkaufsm\u00f6glichkeit des Zuckers zur<br>&nbsp; &nbsp; &nbsp;&nbsp; Auff\u00fctterung der Bienen durch eines Gesamtbestellung,<br>&nbsp; &nbsp; &nbsp;&nbsp; Herr Holzmeister<\/p>\n<p>\u00b7&nbsp;&nbsp;&nbsp;&nbsp;&nbsp; M\u00f6glichkeit der Nutzung der vereinseigenen Metro-<br>&nbsp; &nbsp; &nbsp;&nbsp; Scheine f\u00fcr Eink\u00e4ufe z.B. Zucker,&nbsp;Herr Holzmeister<\/p>\n<p>\u00b7&nbsp;&nbsp;&nbsp;&nbsp;&nbsp; Bereitstellung der Varrox-Oxals\u00e4ureverdampfer<\/p>\n<p>\u00b7&nbsp;&nbsp;&nbsp;&nbsp;&nbsp; Einf\u00fchrung einer Honig-B\u00f6rse mit Franz Holzmeister<\/p>\n\n\n<p class=\"has-text-color\" style=\"color:#f2c619\"><strong>und das Beste &#8230; <\/strong><\/p>\n\n\n<p>\u00b7&nbsp;&nbsp;&nbsp;&nbsp;&nbsp; Informationsveranstaltungen durch anerkannte&nbsp;<br>&nbsp;&nbsp;&nbsp;&nbsp;&nbsp;&nbsp; Z\u00fcchter und Wanderlehrer<\/p>\n<p>\u00b7&nbsp;&nbsp;&nbsp;&nbsp;&nbsp; Nutzung des Lehrbienenstandes f\u00fcr die eigene<br>&nbsp; &nbsp; &nbsp;&nbsp; Ausbildung und als tempor\u00e4rer Bienenstandort, z.B. f\u00fcr die Ablegerbildung<\/p>\n<p>\u00b7&nbsp;&nbsp;&nbsp;&nbsp;&nbsp; Hilfestellung f\u00fcr Jungimker in der Aufbauphase<\/p>\n<p>\u00b7&nbsp;&nbsp;&nbsp;&nbsp;&nbsp; Vertrauliche Hilfestellung bei Gesundheitsproblemen<br>&nbsp; &nbsp; &nbsp;&nbsp; der Bienenv\u00f6lker<\/p>\n\n\n<p class=\"has-white-background-color has-text-color has-background\" style=\"color:#f2c619\"><strong>\u00dcbrigens: Ihre Leistung f\u00fcr den Verein betr\u00e4gt nur<br>Euro 15,&#8211; pro Jahr!\u00a0<\/strong><\/p>\n\n\n\n<p><\/p>\n","protected":false},"excerpt":{"rendered":"<p>Wir bieten eine Bandbreite von Dienstleistungen, die erkennbare Resultate garantieren und eine positive Auswirkung auf Ihren Garten bzw. Ihre Lebensqualit\u00e4t haben werden. Welche Leistungen bietet der Bienenzuchtverein Graz \u2013 St. Peter&nbsp; seinen Mitgliedern? \u00b7&nbsp;&nbsp;&nbsp;&nbsp;&nbsp; F\u00f6rderung des Ankaufes von Reinzuchtk\u00f6niginnen \u00b7&nbsp;&nbsp;&nbsp;&nbsp;&nbsp; &hellip; <a href=\"https:\/\/www.bienenzuchtverein.com\/home\/unsere-leistungen\/\">Weiterlesen <span class=\"meta-nav\">&rarr;<\/span><\/a><\/p>\n","protected":false},"author":1,"featured_media":0,"parent":0,"menu_order":0,"comment_status":"closed","ping_status":"closed","template":"","meta":{"footnotes":""},"class_list":["post-7","page","type-page","status-publish","hentry"],"_links":{"self":[{"href":"https:\/\/www.bienenzuchtverein.com\/home\/wp-json\/wp\/v2\/pages\/7","targetHints":{"allow":["GET"]}}],"collection":[{"href":"https:\/\/www.bienenzuchtverein.com\/home\/wp-json\/wp\/v2\/pages"}],"about":[{"href":"https:\/\/www.bienenzuchtverein.com\/home\/wp-json\/wp\/v2\/types\/page"}],"author":[{"embeddable":true,"href":"https:\/\/www.bienenzuchtverein.com\/home\/wp-json\/wp\/v2\/users\/1"}],"replies":[{"embeddable":true,"href":"https:\/\/www.bienenzuchtverein.com\/home\/wp-json\/wp\/v2\/comments?post=7"}],"version-history":[{"count":30,"href":"https:\/\/www.bienenzuchtverein.com\/home\/wp-json\/wp\/v2\/pages\/7\/revisions"}],"predecessor-version":[{"id":453,"href":"https:\/\/www.bienenzuchtverein.com\/home\/wp-json\/wp\/v2\/pages\/7\/revisions\/453"}],"wp:attachment":[{"href":"https:\/\/www.bienenzuchtverein.com\/home\/wp-json\/wp\/v2\/media?parent=7"}],"curies":[{"name":"wp","href":"https:\/\/api.w.org\/{rel}","templated":true}]}}